{"id":31300,"date":"2023-09-04T17:57:10","date_gmt":"2023-09-04T15:57:10","guid":{"rendered":"https:\/\/www.brumisty.com\/?page_id=31300"},"modified":"2023-09-04T17:57:10","modified_gmt":"2023-09-04T15:57:10","slug":"goutte-sa-echandens-4","status":"publish","type":"page","link":"https:\/\/www.brumisty.com\/en\/goutte-sa-echandens-4\/","title":{"rendered":"Goutte SA Echandens"},"content":{"rendered":"<p>[et_pb_section fb_built=&#8221;1&#8243; admin_label=&#8221;Hero&#8221; _builder_version=&#8221;4.22.0&#8243; background_color=&#8221;#000000&#8243; background_image=&#8221;https:\/\/www.brumisty.com\/wp-content\/uploads\/2023\/08\/5095870d-f0b3-4392-b11f-3791ec49978c.jpg&#8221; custom_margin=&#8221;||||false&#8221; custom_padding=&#8221;10vw||10vw||true|false&#8221; background_last_edited=&#8221;off|desktop&#8221; global_colors_info=&#8221;{}&#8221;][et_pb_row column_structure=&#8221;2_3,1_3&#8243; _builder_version=&#8221;4.16&#8243; global_colors_info=&#8221;{}&#8221;][et_pb_column type=&#8221;2_3&#8243; _builder_version=&#8221;4.16&#8243; custom_padding=&#8221;|||&#8221; global_colors_info=&#8221;{}&#8221; custom_padding__hover=&#8221;|||&#8221;][et_pb_text _builder_version=&#8221;4.16&#8243; text_font=&#8221;||||||||&#8221; header_font=&#8221;Rubik|700|||||||&#8221; header_font_size=&#8221;64px&#8221; header_line_height=&#8221;1.1em&#8221; background_layout=&#8221;dark&#8221; max_width=&#8221;800px&#8221; custom_margin=&#8221;||0px|&#8221; custom_padding=&#8221;|||16px&#8221; text_font_size_tablet=&#8221;14px&#8221; text_font_size_last_edited=&#8221;off|desktop&#8221; header_font_size_tablet=&#8221;44px&#8221; header_font_size_phone=&#8221;32px&#8221; header_font_size_last_edited=&#8221;on|phone&#8221; border_color_all=&#8221;#00ccff&#8221; border_width_left=&#8221;10px&#8221; global_colors_info=&#8221;{}&#8221;]<\/p>\n<h1><span style=\"color: #0c71c3;\">H\u00d4TEL PRESIDENT WILSON\u00a0<\/span><\/h1>\n<p>[\/et_pb_text][et_pb_text _builder_version=&#8221;4.16&#8243; text_font=&#8221;||||||||&#8221; text_font_size=&#8221;22px&#8221; text_line_height=&#8221;1.6em&#8221; header_font=&#8221;||||||||&#8221; background_layout=&#8221;dark&#8221; max_width=&#8221;800px&#8221; custom_margin=&#8221;|||&#8221; custom_padding=&#8221;20px||20px||true&#8221; text_font_size_tablet=&#8221;18px&#8221; text_font_size_phone=&#8221;&#8221; text_font_size_last_edited=&#8221;on|phone&#8221; global_colors_info=&#8221;{}&#8221;]<\/p>\n<p><strong><span style=\"font-size: 22px; color: #00dde5;\"><span style=\"color: #000000;\">Sis au Quai Pr\u00e9sident Wilson ce 5 \u00e9toiles est une r\u00e9f\u00e9rence dans le milieu de l&#8217;h\u00f4tellerie de luxe en Suisse et en Europe avec un niveau de service irr\u00e9prochable<\/span>.<\/span><\/strong><\/p>\n<p><span style=\"color: #000000;\">La qualit\u00e9 d&#8217;accueil et sa constante dans son excellence lui permet d&#8217;accueillir des personnalit\u00e9s politiques, du showbusiness et autres grandes personnalit\u00e9s.<\/span><\/p>\n<p><span style=\"color: #000000;\">Ces qualit\u00e9s de noblesse ne doivent en aucun cas venir \u00e0 d\u00e9faillir, au risque de perdre une client\u00e8le souvent fid\u00e8le.<\/span><\/p>\n<p><span style=\"color: #000000;\"> Brumisty by Climext participe \u00e0 cet objectif de qualit\u00e9 et de fiabilit\u00e9.<\/span><\/p>\n<p>&nbsp;<\/p>\n<p>[\/et_pb_text][\/et_pb_column][et_pb_column type=&#8221;1_3&#8243; _builder_version=&#8221;4.16&#8243; custom_padding=&#8221;|||&#8221; global_colors_info=&#8221;{}&#8221; custom_padding__hover=&#8221;|||&#8221;][et_pb_text ul_type=&#8221;none&#8221; ul_item_indent=&#8221;3px&#8221; _builder_version=&#8221;4.22.0&#8243; text_font=&#8221;||||||||&#8221; text_line_height=&#8221;1.8em&#8221; ul_font=&#8221;Arimo||||||||&#8221; ul_font_size=&#8221;16px&#8221; ul_line_height=&#8221;2em&#8221; background_layout=&#8221;dark&#8221; custom_margin=&#8221;|||&#8221; custom_margin_last_edited=&#8221;off|desktop&#8221; hover_enabled=&#8221;0&#8243; locked=&#8221;off&#8221; global_colors_info=&#8221;{}&#8221; sticky_enabled=&#8221;0&#8243;]<\/p>\n<ul>\n<li><span style=\"color: #0c71c3;\"><strong>Date:<\/strong> Juin 2023<\/span><\/li>\n<li><span style=\"color: #0c71c3;\"><strong>Client:<\/strong> H\u00f4tel Pr\u00e9sident Wilson Gen\u00e8ve<\/span><\/li>\n<li><span style=\"color: #0c71c3;\"><strong>Type:<\/strong> Economie d&#8217;\u00e9nergie\u00a0<\/span><\/li>\n<\/ul>\n<p>[\/et_pb_text][\/et_pb_column][\/et_pb_row][\/et_pb_section][et_pb_section fb_built=&#8221;1&#8243; admin_label=&#8221;Project Details&#8221; _builder_version=&#8221;4.16&#8243; custom_padding=&#8221;90px||90px||true&#8221; global_colors_info=&#8221;{}&#8221;][et_pb_row column_structure=&#8221;1_2,1_2&#8243; _builder_version=&#8221;4.16&#8243; global_colors_info=&#8221;{}&#8221;][et_pb_column type=&#8221;1_2&#8243; _builder_version=&#8221;4.16&#8243; custom_padding=&#8221;|||&#8221; global_colors_info=&#8221;{}&#8221; custom_padding__hover=&#8221;|||&#8221;][et_pb_text _builder_version=&#8221;4.16&#8243; text_font=&#8221;||||||||&#8221; link_font=&#8221;||||||||&#8221; ul_font=&#8221;||||||||&#8221; ol_font=&#8221;||||||||&#8221; quote_font=&#8221;||||||||&#8221; header_font=&#8221;||||||||&#8221; header_2_font=&#8221;Rubik|700|||||||&#8221; header_2_font_size=&#8221;42px&#8221; header_2_line_height=&#8221;1.2em&#8221; module_alignment=&#8221;center&#8221; custom_margin=&#8221;|||&#8221; custom_padding=&#8221;|||&#8221; header_2_font_size_tablet=&#8221;&#8221; header_2_font_size_phone=&#8221;36px&#8221; header_2_font_size_last_edited=&#8221;on|phone&#8221; locked=&#8221;off&#8221; global_colors_info=&#8221;{}&#8221;]<\/p>\n<h2><b>Explanation of the solution implemented:<\/b><\/h2>\n<p>[\/et_pb_text][et_pb_text _builder_version=&#8221;4.17.6&#8243; text_font=&#8221;||||||||&#8221; text_font_size=&#8221;15px&#8221; text_line_height=&#8221;1.8em&#8221; custom_padding=&#8221;||0px|||&#8221; custom_padding_tablet=&#8221;|40px||40px||true&#8221; custom_padding_last_edited=&#8221;off|desktop&#8221; locked=&#8221;off&#8221; global_colors_info=&#8221;{}&#8221;]<\/p>\n<p>L&#8217;H\u00f4tel Pr\u00e9sident Wilson repr\u00e9sente l&#8217;un des plus r\u00e9put\u00e9s h\u00f4tel 5 \u00e9toiles, dont sa r\u00e9putation a largement d\u00e9pass\u00e9 nos fronti\u00e8res.<\/p>\n<p>Leurs groupes froids assurant les fonctions de toutes les machines de froid de l&#8217;h\u00f4tel qui assurent le confort de leurs h\u00f4tes de prestige, souffraient de la chaleur et ils devaient parfois les surexploiter en p\u00e9riodes de canicules, au risque de d\u00e9t\u00e9riorer les moteurs de leurs groups froid et de g\u00e9n\u00e9rer des frais importants.<\/p>\n<p>100 Buses HP de 0.30mm sont aliment\u00e9es par une Armext Pro de 13 l\/min, pilot\u00e9es par une sonde immerg\u00e9e qui pilote l&#8217;utilisation de la Brumisation HP selon la temp\u00e9rature sur le r\u00e9seau de retour d&#8217;eau des groupes froids.<\/p>\n<p>La configuration des groupes froids et les contraintes de places nous ont demand\u00e9s de cr\u00e9er des \u00e9carteurs m\u00e9talliques sur mesure afin d&#8217;assurer une brumisation et un abaissement de temp\u00e9rature id\u00e9ale.<\/p>\n<p>&nbsp;<\/p>\n<p>[\/et_pb_text][\/et_pb_column][et_pb_column type=&#8221;1_2&#8243; _builder_version=&#8221;4.16&#8243; custom_padding=&#8221;|||&#8221; global_colors_info=&#8221;{}&#8221; custom_padding__hover=&#8221;|||&#8221;][et_pb_text _builder_version=&#8221;4.22.0&#8243; _module_preset=&#8221;default&#8221; global_colors_info=&#8221;{}&#8221; custom_padding=&#8221;143px|||||&#8221;]<\/p>\n<p>Suite \u00e0 une premi\u00e8re visite, notre bureau d&#8217;\u00e9tude sur la base des informations transmises a pu d\u00e9finir le d\u00e9bit ainsi que le nombre de buses et leurs espacement afin d&#8217;assurer \u00e0 notre client une solution fiable, adapt\u00e9e et professionnelle.<\/p>\n<p>Nous sommes ainsi capables de diminuer la temp\u00e9rature aux entr\u00e9es d&#8217;air de 15\u00b0c et g\u00e9n\u00e8rer ainsi non seulement une \u00e9conomie d&#8217;\u00e9nergie de 30%, mais \u00e9galement la garantie du bon fonctionnement de leurs installations, surtout durant les p\u00e9riodes de fortes chaleurs ainsi qu&#8217;une diminution des frais d&#8217;entretiens et de maintenance des leurs installations.<\/p>\n<p>Deux jours de travail \u00e0 2 personnes ont suffit \u00e0 d\u00e9poser les r\u00e9esaux de brumisation et assurer la mise en fonction de l&#8217;installation.<\/p>\n<p>[\/et_pb_text][\/et_pb_column][\/et_pb_row][et_pb_row _builder_version=&#8221;4.22.0&#8243; _module_preset=&#8221;default&#8221; column_structure=&#8221;1_2,1_2&#8243;][et_pb_column _builder_version=&#8221;4.22.0&#8243; _module_preset=&#8221;default&#8221; type=&#8221;1_2&#8243;][et_pb_video src=&#8221;https:\/\/www.brumisty.com\/wp-content\/uploads\/2023\/08\/58da4555-4150-4898-95cd-bf407c1e5fde-1.mp4&#8243; _builder_version=&#8221;4.22.0&#8243; _module_preset=&#8221;default&#8221; hover_enabled=&#8221;0&#8243; global_colors_info=&#8221;{}&#8221; title_text=&#8221;58da4555-4150-4898-95cd-bf407c1e5fde (1)&#8221; sticky_enabled=&#8221;0&#8243;][\/et_pb_video][\/et_pb_column][et_pb_column _builder_version=&#8221;4.22.0&#8243; _module_preset=&#8221;default&#8221; type=&#8221;1_2&#8243;][et_pb_text _builder_version=&#8221;4.22.0&#8243; _module_preset=&#8221;default&#8221; hover_enabled=&#8221;0&#8243; sticky_enabled=&#8221;0&#8243; custom_padding=&#8221;244px|||||&#8221;]<\/p>\n<p>Il existe 2 principaux types de groupes froids (Plats et verticaux). Notre cient poss\u00e9dant les 2 mod\u00e8les, nous avons du imaginer des solutions adapt\u00e9es \u00e0 ces contraintes afin d&#8217;assurer le passge du personnel en toute s\u00e9curit\u00e9 autour des groupes froids ainsi qu&#8217;assurer une installation p\u00e9renne qui saura r\u00e9sister aux intemp\u00e9ries.<\/p>\n<p>&nbsp;<\/p>\n<p>Afin d&#8217;assurer le bon fonctionnement des installations Brumisty by Climext propose \u00e9galement un contrat de maintenance annuelle, qui passure la tranquilit\u00e9 du client en fin de saison (hivernage &#8211; nettoyage des buses &#8211; en option) ainsi qu&#8217;en d\u00e9but de nouvelle saison (remie en fonction du syst\u00e8me).<\/p>\n<p>Merci \u00e0 la direction de l&#8217;H\u00f4tel Pr\u00e9sident Wilson pour leur confiance et nous sommes ravis d&#8217;avoir pu les accompagner dans leur nouvelle transition \u00e9nerg\u00e9tique.<\/p>\n<p>[\/et_pb_text][\/et_pb_column][\/et_pb_row][\/et_pb_section][et_pb_section fb_built=&#8221;1&#8243; use_custom_gutter=&#8221;on&#8221; gutter_width=&#8221;1&#8243; specialty=&#8221;on&#8221; background_color_1=&#8221;#00ccff&#8221; padding_top_1=&#8221;80px&#8221; padding_right_1=&#8221;6vw&#8221; padding_bottom_1=&#8221;80px&#8221; padding_left_1=&#8221;6vw&#8221; padding_top_bottom_link_1=&#8221;true&#8221; padding_left_right_link_1=&#8221;true&#8221; padding_1_tablet=&#8221;|10%||10%||true&#8221; padding_1_phone=&#8221;&#8221; padding_1_last_edited=&#8221;on|phone&#8221; admin_label=&#8221;Footer Section&#8221; module_id=&#8221;contact&#8221; module_class=&#8221; et_pb_specialty_fullwidth&#8221; _builder_version=&#8221;4.9.7&#8243; inner_width=&#8221;100%&#8221; inner_width_tablet=&#8221;100%&#8221; inner_width_phone=&#8221;&#8221; inner_width_last_edited=&#8221;on|desktop&#8221; inner_max_width=&#8221;100%&#8221; inner_max_width_tablet=&#8221;100%&#8221; inner_max_width_phone=&#8221;&#8221; inner_max_width_last_edited=&#8221;on|desktop&#8221; custom_padding=&#8221;0px||0px||true&#8221; make_fullwidth=&#8221;on&#8221; global_module=&#8221;28910&#8243; saved_tabs=&#8221;all&#8221; collapsed=&#8221;on&#8221; global_colors_info=&#8221;{}&#8221;][et_pb_column type=&#8221;1_2&#8243; _builder_version=&#8221;4.16&#8243; background_color=&#8221;#ffb400&#8243; custom_padding=&#8221;|||&#8221; global_colors_info=&#8221;{}&#8221; padding_tablet=&#8221;|10%||10%||true&#8221; padding_last_edited=&#8221;on|phone&#8221; custom_padding__hover=&#8221;|||&#8221; padding_phone=&#8221;|10%||10%||true&#8221;][et_pb_text _builder_version=&#8221;4.16&#8243; text_font=&#8221;||||||||&#8221; header_font=&#8221;||||||||&#8221; header_2_font=&#8221;Josefin Sans|700|||||||&#8221; header_2_text_color=&#8221;#FFFFFF&#8221; header_2_font_size=&#8221;42px&#8221; header_2_line_height=&#8221;1.2em&#8221; custom_margin=&#8221;|||&#8221; custom_padding=&#8221;|||&#8221; header_2_font_size_tablet=&#8221;&#8221; header_2_font_size_phone=&#8221;36px&#8221; header_2_font_size_last_edited=&#8221;on|phone&#8221; locked=&#8221;off&#8221; global_colors_info=&#8221;{}&#8221;]<\/p>\n<h2>Contact us<\/h2>\n<p>[\/et_pb_text][et_pb_divider color=&#8221;#FFFFFF&#8221; divider_position=&#8221;center&#8221; divider_weight=&#8221;5px&#8221; _builder_version=&#8221;4.16&#8243; max_width=&#8221;50px&#8221; locked=&#8221;off&#8221; global_colors_info=&#8221;{}&#8221;][\/et_pb_divider][et_pb_contact_form captcha=&#8221;off&#8221; email=&#8221;contact@brumisty.com&#8221; success_message=&#8221;Your message has been sent&#8221; submit_button_text=&#8221;Send your quote request&#8221; module_id=&#8221;et_pb_contact_form_0&#8243; _builder_version=&#8221;4.16&#8243; _unique_id=&#8221;4da8d666-212d-46c8-bc09-48d35159bd1a&#8221; form_field_background_color=&#8221;#ffffff&#8221; title_font=&#8221;||||||||&#8221; form_field_font=&#8221;||||||||&#8221; form_field_font_size=&#8221;14px&#8221; form_field_line_height=&#8221;1.8em&#8221; custom_button=&#8221;on&#8221; button_text_size=&#8221;16px&#8221; button_text_color=&#8221;#ffffff&#8221; button_border_width=&#8221;4px&#8221; button_border_radius=&#8221;0px&#8221; button_letter_spacing=&#8221;0px&#8221; button_font=&#8221;Josefin Sans|700|||||||&#8221; button_icon=&#8221;&#x24;||divi||400&#8243; button_custom_margin=&#8221;20px||||false|false&#8221; custom_margin=&#8221;30px||30px||true&#8221; custom_margin_last_edited=&#8221;off|desktop&#8221; form_background_color=&#8221;#ffffff&#8221; locked=&#8221;off&#8221; global_colors_info=&#8221;{}&#8221;][et_pb_contact_field field_id=&#8221;Name&#8221; field_title=&#8221;Name&#8221; _builder_version=&#8221;4.16&#8243; global_colors_info=&#8221;{}&#8221; button_text_size__hover_enabled=&#8221;off&#8221; button_one_text_size__hover_enabled=&#8221;off&#8221; button_two_text_size__hover_enabled=&#8221;off&#8221; button_text_color__hover_enabled=&#8221;off&#8221; button_one_text_color__hover_enabled=&#8221;off&#8221; button_two_text_color__hover_enabled=&#8221;off&#8221; button_border_width__hover_enabled=&#8221;off&#8221; button_one_border_width__hover_enabled=&#8221;off&#8221; button_two_border_width__hover_enabled=&#8221;off&#8221; button_border_color__hover_enabled=&#8221;off&#8221; button_one_border_color__hover_enabled=&#8221;off&#8221; button_two_border_color__hover_enabled=&#8221;off&#8221; button_border_radius__hover_enabled=&#8221;off&#8221; button_one_border_radius__hover_enabled=&#8221;off&#8221; button_two_border_radius__hover_enabled=&#8221;off&#8221; button_letter_spacing__hover_enabled=&#8221;off&#8221; button_one_letter_spacing__hover_enabled=&#8221;off&#8221; button_two_letter_spacing__hover_enabled=&#8221;off&#8221; button_bg_color__hover_enabled=&#8221;off&#8221; button_one_bg_color__hover_enabled=&#8221;off&#8221; button_two_bg_color__hover_enabled=&#8221;off&#8221;][\/et_pb_contact_field][et_pb_contact_field field_id=&#8221;Email&#8221; field_title=&#8221;Mail address&#8221; field_type=&#8221;email&#8221; _builder_version=&#8221;4.16&#8243; global_colors_info=&#8221;{}&#8221; button_text_size__hover_enabled=&#8221;off&#8221; button_one_text_size__hover_enabled=&#8221;off&#8221; button_two_text_size__hover_enabled=&#8221;off&#8221; button_text_color__hover_enabled=&#8221;off&#8221; button_one_text_color__hover_enabled=&#8221;off&#8221; button_two_text_color__hover_enabled=&#8221;off&#8221; button_border_width__hover_enabled=&#8221;off&#8221; button_one_border_width__hover_enabled=&#8221;off&#8221; button_two_border_width__hover_enabled=&#8221;off&#8221; button_border_color__hover_enabled=&#8221;off&#8221; button_one_border_color__hover_enabled=&#8221;off&#8221; button_two_border_color__hover_enabled=&#8221;off&#8221; button_border_radius__hover_enabled=&#8221;off&#8221; button_one_border_radius__hover_enabled=&#8221;off&#8221; button_two_border_radius__hover_enabled=&#8221;off&#8221; button_letter_spacing__hover_enabled=&#8221;off&#8221; button_one_letter_spacing__hover_enabled=&#8221;off&#8221; button_two_letter_spacing__hover_enabled=&#8221;off&#8221; button_bg_color__hover_enabled=&#8221;off&#8221; button_one_bg_color__hover_enabled=&#8221;off&#8221; button_two_bg_color__hover_enabled=&#8221;off&#8221;][\/et_pb_contact_field][et_pb_contact_field field_id=&#8221;Message&#8221; field_title=&#8221;Descript your project&#8221; field_type=&#8221;text&#8221; fullwidth_field=&#8221;on&#8221; _builder_version=&#8221;4.16&#8243; global_colors_info=&#8221;{}&#8221; button_text_size__hover_enabled=&#8221;off&#8221; button_one_text_size__hover_enabled=&#8221;off&#8221; button_two_text_size__hover_enabled=&#8221;off&#8221; button_text_color__hover_enabled=&#8221;off&#8221; button_one_text_color__hover_enabled=&#8221;off&#8221; button_two_text_color__hover_enabled=&#8221;off&#8221; button_border_width__hover_enabled=&#8221;off&#8221; button_one_border_width__hover_enabled=&#8221;off&#8221; button_two_border_width__hover_enabled=&#8221;off&#8221; button_border_color__hover_enabled=&#8221;off&#8221; button_one_border_color__hover_enabled=&#8221;off&#8221; button_two_border_color__hover_enabled=&#8221;off&#8221; button_border_radius__hover_enabled=&#8221;off&#8221; button_one_border_radius__hover_enabled=&#8221;off&#8221; button_two_border_radius__hover_enabled=&#8221;off&#8221; button_letter_spacing__hover_enabled=&#8221;off&#8221; button_one_letter_spacing__hover_enabled=&#8221;off&#8221; button_two_letter_spacing__hover_enabled=&#8221;off&#8221; button_bg_color__hover_enabled=&#8221;off&#8221; button_one_bg_color__hover_enabled=&#8221;off&#8221; button_two_bg_color__hover_enabled=&#8221;off&#8221;][\/et_pb_contact_field][\/et_pb_contact_form][\/et_pb_column][et_pb_column type=&#8221;1_2&#8243; specialty_columns=&#8221;2&#8243; _builder_version=&#8221;4.16&#8243; custom_padding=&#8221;|||&#8221; global_colors_info=&#8221;{}&#8221; custom_padding__hover=&#8221;|||&#8221;][et_pb_row_inner _builder_version=&#8221;4.16&#8243; background_color=&#8221;#2a2a2a&#8221; custom_margin=&#8221;|||&#8221; custom_padding=&#8221;0px||0px||true&#8221; animation_style=&#8221;slide&#8221; animation_direction=&#8221;top&#8221; animation_intensity_slide=&#8221;10%&#8221; global_colors_info=&#8221;{}&#8221;][et_pb_column_inner saved_specialty_column_type=&#8221;1_2&#8243; _builder_version=&#8221;4.16&#8243; custom_padding=&#8221;|||&#8221; global_colors_info=&#8221;{}&#8221; custom_padding__hover=&#8221;|||&#8221;][\/et_pb_column_inner][\/et_pb_row_inner][et_pb_row_inner custom_padding_last_edited=&#8221;on|desktop&#8221; _builder_version=&#8221;4.16&#8243; custom_padding=&#8221;80px|6vw|80px|6vw|true|true&#8221; custom_padding_tablet=&#8221;|3vw||3vw||true&#8221; custom_padding_phone=&#8221;&#8221; global_colors_info=&#8221;{}&#8221;][et_pb_column_inner saved_specialty_column_type=&#8221;1_2&#8243; _builder_version=&#8221;4.16&#8243; custom_padding=&#8221;|||&#8221; global_colors_info=&#8221;{}&#8221; custom_padding__hover=&#8221;|||&#8221;][et_pb_blurb title=&#8221;11, Chemin du Petit Clos 1615 Bossonnens&#8221; use_icon=&#8221;on&#8221; font_icon=&#8221;&#xe081;||divi||400&#8243; icon_color=&#8221;#666666&#8243; icon_placement=&#8221;left&#8221; image_icon_width=&#8221;18px&#8221; content_max_width=&#8221;1100px&#8221; _builder_version=&#8221;4.17.6&#8243; header_font=&#8221;Rubik||||||||&#8221; header_font_size=&#8221;16px&#8221; header_line_height=&#8221;1.2em&#8221; body_font=&#8221;||||||||&#8221; module_alignment=&#8221;center&#8221; custom_margin=&#8221;||20px|&#8221; animation=&#8221;off&#8221; icon_font_size=&#8221;18px&#8221; locked=&#8221;off&#8221; global_colors_info=&#8221;{}&#8221;][\/et_pb_blurb][et_pb_blurb title=&#8221;+41 21 539.15.50&#8243; use_icon=&#8221;on&#8221; font_icon=&#8221;&#xe090;||divi||400&#8243; icon_color=&#8221;#666666&#8243; icon_placement=&#8221;left&#8221; image_icon_width=&#8221;18px&#8221; content_max_width=&#8221;1100px&#8221; _builder_version=&#8221;4.16&#8243; header_font=&#8221;Rubik||||||||&#8221; header_font_size=&#8221;16px&#8221; header_line_height=&#8221;1.2em&#8221; body_font=&#8221;||||||||&#8221; module_alignment=&#8221;center&#8221; custom_margin=&#8221;||20px|&#8221; custom_padding=&#8221;0px|||||&#8221; animation=&#8221;off&#8221; icon_font_size=&#8221;18px&#8221; locked=&#8221;off&#8221; global_colors_info=&#8221;{}&#8221;][\/et_pb_blurb][et_pb_blurb icon_placement=&#8221;left&#8221; content_max_width=&#8221;1100px&#8221; _builder_version=&#8221;4.16&#8243; header_font=&#8221;Rubik||||||||&#8221; header_font_size=&#8221;16px&#8221; header_line_height=&#8221;1.2em&#8221; body_font=&#8221;||||||||&#8221; module_alignment=&#8221;center&#8221; custom_margin=&#8221;||20px|&#8221; animation=&#8221;off&#8221; locked=&#8221;off&#8221; global_colors_info=&#8221;{}&#8221;][\/et_pb_blurb][et_pb_blurb title=&#8221;contact@brumisty.com&#8221; use_icon=&#8221;on&#8221; font_icon=&#8221;&#xe076;||divi||400&#8243; icon_color=&#8221;#666666&#8243; icon_placement=&#8221;left&#8221; image_icon_width=&#8221;18px&#8221; content_max_width=&#8221;1100px&#8221; _builder_version=&#8221;4.16&#8243; header_font=&#8221;Rubik||||||||&#8221; header_font_size=&#8221;16px&#8221; header_line_height=&#8221;1.2em&#8221; body_font=&#8221;||||||||&#8221; module_alignment=&#8221;center&#8221; custom_margin=&#8221;||20px|&#8221; animation=&#8221;off&#8221; icon_font_size=&#8221;18px&#8221; locked=&#8221;off&#8221; global_colors_info=&#8221;{}&#8221;]<\/p>\n<p>Any reproduction, even partial, prohibited<\/p>\n<p>[\/et_pb_blurb][\/et_pb_column_inner][\/et_pb_row_inner][\/et_pb_column][\/et_pb_section]<\/p>\n","protected":false},"excerpt":{"rendered":"<p>H\u00d4TEL PRESIDENT WILSON\u00a0Sis au Quai Pr\u00e9sident Wilson ce 5 \u00e9toiles est une r\u00e9f\u00e9rence dans le milieu de l&#8217;h\u00f4tellerie de luxe en Suisse et en Europe avec un niveau de service irr\u00e9prochable. La qualit\u00e9 d&#8217;accueil et sa constante dans son excellence lui permet d&#8217;accueillir des personnalit\u00e9s politiques, du showbusiness et autres grandes personnalit\u00e9s. Ces qualit\u00e9s de [&hellip;]<\/p>\n","protected":false},"author":2,"featured_media":0,"parent":0,"menu_order":0,"comment_status":"closed","ping_status":"closed","template":"","meta":{"_et_pb_use_builder":"on","_et_pb_old_content":"","_et_gb_content_width":"","footnotes":""},"class_list":["post-31300","page","type-page","status-publish","hentry"],"_links":{"self":[{"href":"https:\/\/www.brumisty.com\/en\/wp-json\/wp\/v2\/pages\/31300","targetHints":{"allow":["GET"]}}],"collection":[{"href":"https:\/\/www.brumisty.com\/en\/wp-json\/wp\/v2\/pages"}],"about":[{"href":"https:\/\/www.brumisty.com\/en\/wp-json\/wp\/v2\/types\/page"}],"author":[{"embeddable":true,"href":"https:\/\/www.brumisty.com\/en\/wp-json\/wp\/v2\/users\/2"}],"replies":[{"embeddable":true,"href":"https:\/\/www.brumisty.com\/en\/wp-json\/wp\/v2\/comments?post=31300"}],"version-history":[{"count":0,"href":"https:\/\/www.brumisty.com\/en\/wp-json\/wp\/v2\/pages\/31300\/revisions"}],"wp:attachment":[{"href":"https:\/\/www.brumisty.com\/en\/wp-json\/wp\/v2\/media?parent=31300"}],"curies":[{"name":"wp","href":"https:\/\/api.w.org\/{rel}","templated":true}]}}