{"id":30459,"date":"2021-06-02T19:25:02","date_gmt":"2021-06-02T17:25:02","guid":{"rendered":"https:\/\/www.brumisty.com\/a-propos\/"},"modified":"2023-09-14T14:17:18","modified_gmt":"2023-09-14T12:17:18","slug":"a-propos","status":"publish","type":"page","link":"https:\/\/www.brumisty.com\/de\/a-propos\/","title":{"rendered":"A propos"},"content":{"rendered":"<p>[et_pb_section fb_built=&#8220;1&#8243; admin_label=&#8220;Hero&#8220; _builder_version=&#8220;4.17.6&#8243; use_background_color_gradient=&#8220;on&#8220; background_color_gradient_type=&#8220;circular&#8220; background_color_gradient_direction_radial=&#8220;top left&#8220; background_color_gradient_stops=&#8220;rgba(40,40,40,0.22) 0%|rgba(40,40,40,0.86) 100%&#8220; background_color_gradient_overlays_image=&#8220;on&#8220; background_color_gradient_start=&#8220;rgba(40,40,40,0.22)&#8220; background_color_gradient_end=&#8220;rgba(40,40,40,0.86)&#8220; background_image=&#8220;https:\/\/www.brumisty.com\/wp-content\/uploads\/2022\/08\/IMG_2217.jpg&#8220; custom_margin=&#8220;||||false&#8220; custom_padding=&#8220;5vw||5vw||true|false&#8220; locked=&#8220;off&#8220; collapsed=&#8220;on&#8220; global_colors_info=&#8220;{}&#8220;][et_pb_row column_structure=&#8220;2_3,1_3&#8243; _builder_version=&#8220;4.16&#8243; global_colors_info=&#8220;{}&#8220;][et_pb_column type=&#8220;2_3&#8243; _builder_version=&#8220;4.16&#8243; custom_padding=&#8220;|||&#8220; global_colors_info=&#8220;{}&#8220; custom_padding__hover=&#8220;|||&#8220;][et_pb_text _builder_version=&#8220;4.16&#8243; text_font=&#8220;Josefin Sans||||||||&#8220; header_font=&#8220;Josefin Sans|700|||||||&#8220; header_font_size=&#8220;54px&#8220; header_line_height=&#8220;1.1em&#8220; background_layout=&#8220;dark&#8220; max_width=&#8220;800px&#8220; custom_margin=&#8220;||0px|&#8220; custom_padding=&#8220;||0px|16px|false|false&#8220; text_font_size_tablet=&#8220;14px&#8220; text_font_size_last_edited=&#8220;off|desktop&#8220; header_font_size_tablet=&#8220;44px&#8220; header_font_size_phone=&#8220;32px&#8220; header_font_size_last_edited=&#8220;on|phone&#8220; border_color_all=&#8220;#00ccff&#8220; border_width_left=&#8220;10px&#8220; global_colors_info=&#8220;{}&#8220;]<\/p>\n<h1>Lassen Sie uns in einer Win-Win-Beziehung zusammenwachsen :<\/h1>\n<p>[\/et_pb_text][et_pb_text _builder_version=&#8220;4.16&#8243; text_font=&#8220;Josefin Sans||||||||&#8220; text_font_size=&#8220;22px&#8220; text_line_height=&#8220;1.3em&#8220; header_font=&#8220;||||||||&#8220; background_layout=&#8220;dark&#8220; max_width=&#8220;800px&#8220; custom_margin=&#8220;|||&#8220; custom_padding=&#8220;20px||20px||true&#8220; text_font_size_tablet=&#8220;18px&#8220; text_font_size_phone=&#8220;&#8220; text_font_size_last_edited=&#8220;on|phone&#8220; global_colors_info=&#8220;{}&#8220;]<\/p>\n<p>Aufgrund der zahlreichen Anfragen unserer Kunden in den verschiedensten Bereichen sucht BRUMISTY by Climext nach Installationspartnern in der ganzen Schweiz, wie z.B. :<\/p>\n<p>&#8211; L\u00fcftungsunternehmen, Heizungs- und\/oder Klimamonteur<\/p>\n<p>Das bedeutet, dass Sie sich einen Wettbewerbsvorteil verschaffen k\u00f6nnen, indem Sie ein zuverl\u00e4ssiges, umweltfreundliches und kosteng\u00fcnstiges Produkt anbieten.<\/p>\n<p>&nbsp;<\/p>\n<p>[\/et_pb_text][\/et_pb_column][et_pb_column type=&#8220;1_3&#8243; _builder_version=&#8220;4.16&#8243; custom_padding=&#8220;|||&#8220; global_colors_info=&#8220;{}&#8220; custom_padding__hover=&#8220;|||&#8220;][et_pb_text _builder_version=&#8220;4.16&#8243; text_font=&#8220;||||||||&#8220; header_font=&#8220;||||||||&#8220; header_2_font=&#8220;Josefin Sans|700|||||||&#8220; header_2_text_color=&#8220;#00ccff&#8220; header_2_font_size=&#8220;32px&#8220; header_2_line_height=&#8220;1.2em&#8220; custom_margin=&#8220;|||&#8220; custom_padding=&#8220;|||&#8220; header_2_font_size_last_edited=&#8220;off|desktop&#8220; global_colors_info=&#8220;{}&#8220;]<\/p>\n<h2>Ihre Vorteile<\/h2>\n<p>[\/et_pb_text][et_pb_blurb title=&#8220;Schulung Ihrer Mitarbeiter bei der Installation des Produkts von morgen&#8220; use_icon=&#8220;on&#8220; font_icon=&#8220;&#xe007;||divi||400&#8243; icon_placement=&#8220;left&#8220; content_max_width=&#8220;1100px&#8220; content_max_width_tablet=&#8220;1100px&#8220; content_max_width_last_edited=&#8220;off|desktop&#8220; _builder_version=&#8220;4.17.6&#8243; header_font=&#8220;Josefin Sans|700|||||||&#8220; header_line_height=&#8220;1.4em&#8220; body_font=&#8220;||||||||&#8220; body_font_size=&#8220;15px&#8220; body_line_height=&#8220;1.8em&#8220; background_layout=&#8220;dark&#8220; custom_margin=&#8220;|||&#8220; custom_padding=&#8220;|||&#8220; animation_style=&#8220;slide&#8220; animation_direction=&#8220;right&#8220; animation_intensity_slide=&#8220;10%&#8220; animation=&#8220;off&#8220; global_colors_info=&#8220;{}&#8220;]<\/p>\n<p>Wie bei jeder speziellen Installation muss eine Schulung absolviert werden, um die richtigen Vorgehensweisen beim Zusammenbau und der Inbetriebnahme der Anlagen zu verstehen.<\/p>\n<p>BRUMISTY by Climext wird seine Erfahrungen mit Ihnen teilen.<\/p>\n<p>[\/et_pb_blurb][et_pb_blurb title=&#8220;Konzentrieren Sie sich auf Ihr Know-how&#8220; use_icon=&#8220;on&#8220; font_icon=&#8220;&#xe00a;||divi||400&#8243; icon_placement=&#8220;left&#8220; content_max_width=&#8220;1100px&#8220; content_max_width_tablet=&#8220;1100px&#8220; content_max_width_last_edited=&#8220;off|desktop&#8220; _builder_version=&#8220;4.17.6&#8243; header_font=&#8220;Josefin Sans|700|||||||&#8220; header_line_height=&#8220;1.4em&#8220; body_font=&#8220;||||||||&#8220; body_font_size=&#8220;15px&#8220; body_line_height=&#8220;1.8em&#8220; background_layout=&#8220;dark&#8220; custom_margin=&#8220;|||&#8220; custom_padding=&#8220;||0px|||&#8220; animation_style=&#8220;slide&#8220; animation_direction=&#8220;right&#8220; animation_delay=&#8220;100ms&#8220; animation_intensity_slide=&#8220;10%&#8220; animation=&#8220;off&#8220; global_colors_info=&#8220;{}&#8220;]<\/p>\n<p>Wie bei jeder speziellen Installation muss eine Schulung absolviert werden, um die richtigen Vorgehensweisen beim Zusammenbau und der Inbetriebnahme der Anlagen zu verstehen.<\/p>\n<p>Da all diese Aktivit\u00e4ten im Vorfeld durchgef\u00fchrt werden, stehen Ihnen alle Materialien und technischen Hilfsmittel zur Verf\u00fcgung, um die Installation fachgerecht durchzuf\u00fchren.<\/p>\n<p>[\/et_pb_blurb][et_pb_blurb title=&#8220;Steigern Sie Ihre Gewinne&#8220; use_icon=&#8220;on&#8220; font_icon=&#8220;&#xe0ed;||divi||400&#8243; icon_placement=&#8220;left&#8220; content_max_width=&#8220;1100px&#8220; content_max_width_tablet=&#8220;1100px&#8220; content_max_width_last_edited=&#8220;off|desktop&#8220; _builder_version=&#8220;4.17.6&#8243; header_font=&#8220;Josefin Sans|700|||||||&#8220; header_line_height=&#8220;1.4em&#8220; body_font=&#8220;||||||||&#8220; body_font_size=&#8220;15px&#8220; body_line_height=&#8220;1.8em&#8220; background_layout=&#8220;dark&#8220; custom_margin=&#8220;|||&#8220; custom_padding=&#8220;|||&#8220; animation_style=&#8220;slide&#8220; animation_direction=&#8220;right&#8220; animation_delay=&#8220;200ms&#8220; animation_intensity_slide=&#8220;10%&#8220; animation=&#8220;off&#8220; global_colors_info=&#8220;{}&#8220;]<\/p>\n<p>\u00dcber die von Brumisty berechnete Installationsgeb\u00fchr hinaus erhalten Sie von BRUMISTY by Climext eine Provision, wenn Sie selbst einen Kunden werben und dieser die Installation vollst\u00e4ndig bezahlt hat.<\/p>\n<p><em>Die Bedingungen sind f\u00fcr jede Einrichtung spezifisch.<\/em><\/p>\n<p>[\/et_pb_blurb][\/et_pb_column][\/et_pb_row][\/et_pb_section][et_pb_section fb_built=&#8220;1&#8243; custom_padding_last_edited=&#8220;on|tablet&#8220; admin_label=&#8220;Services&#8220; _builder_version=&#8220;4.16&#8243; custom_margin=&#8220;|||&#8220; custom_padding=&#8220;0|0px|0|20%|false|false&#8220; custom_padding_tablet=&#8220;|||0%&#8220; custom_padding_phone=&#8220;&#8220; collapsed=&#8220;off&#8220; global_colors_info=&#8220;{}&#8220;][et_pb_row use_custom_gutter=&#8220;on&#8220; gutter_width=&#8220;1&#8243; _builder_version=&#8220;4.16&#8243; background_color=&#8220;#f7f7f7&#8243; width=&#8220;100%&#8220; max_width=&#8220;100%&#8220; custom_margin=&#8220;||||false&#8220; custom_padding=&#8220;5%|10%||10%|false|true&#8220; use_custom_width=&#8220;on&#8220; width_unit=&#8220;off&#8220; custom_width_percent=&#8220;100%&#8220; global_colors_info=&#8220;{}&#8220;][et_pb_column type=&#8220;4_4&#8243; _builder_version=&#8220;4.16&#8243; custom_padding=&#8220;|||&#8220; global_colors_info=&#8220;{}&#8220; custom_padding__hover=&#8220;|||&#8220;][et_pb_text _builder_version=&#8220;4.16&#8243; text_font=&#8220;||||||||&#8220; header_font=&#8220;||||||||&#8220; header_2_font=&#8220;Josefin Sans|700|||||||&#8220; header_2_font_size=&#8220;42px&#8220; header_2_line_height=&#8220;1.2em&#8220; module_alignment=&#8220;center&#8220; custom_margin=&#8220;|||&#8220; custom_padding=&#8220;||0px|||&#8220; header_2_font_size_tablet=&#8220;&#8220; header_2_font_size_phone=&#8220;36px&#8220; header_2_font_size_last_edited=&#8220;on|phone&#8220; locked=&#8220;off&#8220; global_colors_info=&#8220;{}&#8220;]<\/p>\n<h2>Lassen Sie uns Ihr Projekt gemeinsam aufbauen<\/h2>\n<p>[\/et_pb_text][et_pb_divider divider_position=&#8220;center&#8220; divider_weight=&#8220;5px&#8220; _builder_version=&#8220;4.16&#8243; max_width=&#8220;50px&#8220; locked=&#8220;off&#8220; global_colors_info=&#8220;{}&#8220;][\/et_pb_divider][et_pb_text _builder_version=&#8220;4.16&#8243; text_font=&#8220;||||||||&#8220; text_font_size=&#8220;15px&#8220; text_line_height=&#8220;1.8em&#8220; custom_margin=&#8220;14px|||||&#8220; custom_padding=&#8220;|||&#8220; custom_padding_tablet=&#8220;|40px||40px||true&#8220; custom_padding_last_edited=&#8220;off|desktop&#8220; locked=&#8220;off&#8220; global_colors_info=&#8220;{}&#8220;]<\/p>\n<p>Die Firma Brumisty ist Partner der Firma GrenkeLeasing und erm\u00f6glicht es Ihnen, von den folgenden Vorteilen zu profitieren:<\/p>\n<ul>\n<li><b>Sch\u00fctzen Sie Ihre Liquidit\u00e4t:<\/b> Wenn Sie sich f\u00fcr Leasing entscheiden, bleibt Ihr Eigenkapital erhalten, sodass Sie sich auf Ihre wertsch\u00f6pfenden T\u00e4tigkeiten konzentrieren k\u00f6nnen.<\/li>\n<li><b>Steuern:<\/b> Leasing wird als Betriebsausgabe verbucht und ist somit steuerlich absetzbar.<\/li>\n<li><b>Erm\u00f6glicht es, gr\u00f6\u00dfere Investitionen fr\u00fcher zu t\u00e4tigen:<\/b> Kleine monatliche Raten ersetzen hohe Kaufpreise.<\/li>\n<li><b>Kosteng\u00fcnstig aufr\u00fcsten:<\/b> Durch Verl\u00e4ngerung des Leasingvertrags immer auf dem neuesten Stand der Technik sein, M\u00f6glichkeit, die Raten auf 12 bis 60 Monate zu verteilen.<\/li>\n<\/ul>\n<p>[\/et_pb_text][\/et_pb_column][\/et_pb_row][et_pb_row column_structure=&#8220;1_2,1_2&#8243; use_custom_gutter=&#8220;on&#8220; gutter_width=&#8220;1&#8243; padding_top_bottom_link_1=&#8220;true&#8220; padding_top_bottom_link_2=&#8220;true&#8220; padding_left_right_link_1=&#8220;true&#8220; _builder_version=&#8220;4.16&#8243; background_color=&#8220;#ffffff&#8220; width=&#8220;100%&#8220; max_width=&#8220;100%&#8220; custom_margin=&#8220;|||&#8220; custom_padding=&#8220;0||0||true|false&#8220; animation_style=&#8220;slide&#8220; animation_direction=&#8220;top&#8220; animation_intensity_slide=&#8220;10%&#8220; box_shadow_style=&#8220;preset3&#8243; box_shadow_vertical=&#8220;30px&#8220; box_shadow_blur=&#8220;65px&#8220; box_shadow_spread=&#8220;-30px&#8220; box_shadow_color=&#8220;rgba(0,0,0,0.35)&#8220; locked=&#8220;off&#8220; global_colors_info=&#8220;{}&#8220;][et_pb_column type=&#8220;1_2&#8243; _builder_version=&#8220;4.16&#8243; background_color=&#8220;#2a2a2a&#8220; custom_padding=&#8220;25px|50px|25px|50px&#8220; global_colors_info=&#8220;{}&#8220; custom_padding__hover=&#8220;|||&#8220;][et_pb_text _builder_version=&#8220;4.16&#8243; link_text_color=&#8220;#FFFFFF&#8220; header_font=&#8220;||||||||&#8220; header_2_font=&#8220;||||||||&#8220; header_3_font=&#8220;Josefin Sans|700|||||||&#8220; header_3_text_color=&#8220;#FFFFFF&#8220; header_3_font_size=&#8220;30px&#8220; header_3_line_height=&#8220;1.4em&#8220; header_4_font=&#8220;Josefin Sans||||||||&#8220; header_4_font_size=&#8220;24px&#8220; header_4_letter_spacing=&#8220;3px&#8220; header_4_line_height=&#8220;1.4em&#8220; global_colors_info=&#8220;{}&#8220;]<\/p>\n<h3>Rufen Sie uns an<\/h3>\n<h4><a href=\"tel:0793583573\" runtime_url=\"tel:0793583573\">+41 21 539 15 50<\/a><\/h4>\n<p>[\/et_pb_text][\/et_pb_column][et_pb_column type=&#8220;1_2&#8243; _builder_version=&#8220;4.16&#8243; background_color=&#8220;#ffffff&#8220; custom_padding=&#8220;40px||40px|&#8220; global_colors_info=&#8220;{}&#8220; custom_padding__hover=&#8220;|||&#8220;][\/et_pb_column][\/et_pb_row][\/et_pb_section][et_pb_section fb_built=&#8220;1&#8243; use_custom_gutter=&#8220;on&#8220; gutter_width=&#8220;1&#8243; specialty=&#8220;on&#8220; background_color_1=&#8220;#00ccff&#8220; padding_top_1=&#8220;80px&#8220; padding_right_1=&#8220;6vw&#8220; padding_bottom_1=&#8220;80px&#8220; padding_left_1=&#8220;6vw&#8220; padding_top_bottom_link_1=&#8220;true&#8220; padding_left_right_link_1=&#8220;true&#8220; padding_1_tablet=&#8220;|10%||10%||true&#8220; padding_1_phone=&#8220;&#8220; padding_1_last_edited=&#8220;on|phone&#8220; admin_label=&#8220;Footer Section&#8220; module_id=&#8220;contact&#8220; module_class=&#8220; et_pb_specialty_fullwidth&#8220; _builder_version=&#8220;4.9.7&#8243; inner_width=&#8220;100%&#8220; inner_width_tablet=&#8220;100%&#8220; inner_width_phone=&#8220;&#8220; inner_width_last_edited=&#8220;on|desktop&#8220; inner_max_width=&#8220;100%&#8220; inner_max_width_tablet=&#8220;100%&#8220; inner_max_width_phone=&#8220;&#8220; inner_max_width_last_edited=&#8220;on|desktop&#8220; custom_padding=&#8220;0px||0px||true&#8220; make_fullwidth=&#8220;on&#8220; global_module=&#8220;28910&#8243; saved_tabs=&#8220;all&#8220; collapsed=&#8220;on&#8220; global_colors_info=&#8220;{}&#8220;][et_pb_column type=&#8220;1_2&#8243; _builder_version=&#8220;4.16&#8243; background_color=&#8220;#ffb400&#8243; custom_padding=&#8220;|||&#8220; global_colors_info=&#8220;{}&#8220; padding_tablet=&#8220;|10%||10%||true&#8220; padding_last_edited=&#8220;on|phone&#8220; custom_padding__hover=&#8220;|||&#8220; padding_phone=&#8220;|10%||10%||true&#8220;][et_pb_text _builder_version=&#8220;4.22.0&#8243; text_font=&#8220;||||||||&#8220; header_font=&#8220;||||||||&#8220; header_2_font=&#8220;Josefin Sans|700|||||||&#8220; header_2_text_color=&#8220;#FFFFFF&#8220; header_2_font_size=&#8220;42px&#8220; header_2_line_height=&#8220;1.2em&#8220; custom_margin=&#8220;|||&#8220; custom_padding=&#8220;|||&#8220; header_2_font_size_tablet=&#8220;&#8220; header_2_font_size_phone=&#8220;36px&#8220; header_2_font_size_last_edited=&#8220;on|phone&#8220; locked=&#8220;off&#8220; global_colors_info=&#8220;{}&#8220;]<\/p>\n<h2>Kontakt<\/h2>\n<p>[\/et_pb_text][et_pb_divider color=&#8220;#FFFFFF&#8220; divider_position=&#8220;center&#8220; divider_weight=&#8220;5px&#8220; _builder_version=&#8220;4.16&#8243; max_width=&#8220;50px&#8220; locked=&#8220;off&#8220; global_colors_info=&#8220;{}&#8220;][\/et_pb_divider][et_pb_contact_form captcha=&#8220;off&#8220; email=&#8220;contact@brumisty.com&#8220; success_message=&#8220;Votre demande nous est bien parvenus&#8220; submit_button_text=&#8220;Envoyez-votre demande&#8220; module_id=&#8220;et_pb_contact_form_0&#8243; _builder_version=&#8220;4.22.0&#8243; _unique_id=&#8220;4da8d666-212d-46c8-bc09-48d35159bd1a&#8220; form_field_background_color=&#8220;#ffffff&#8220; title_font=&#8220;||||||||&#8220; form_field_font=&#8220;||||||||&#8220; form_field_font_size=&#8220;14px&#8220; form_field_line_height=&#8220;1.8em&#8220; custom_button=&#8220;on&#8220; button_text_size=&#8220;16px&#8220; button_text_color=&#8220;#ffffff&#8220; button_border_width=&#8220;4px&#8220; button_border_radius=&#8220;0px&#8220; button_letter_spacing=&#8220;0px&#8220; button_font=&#8220;Josefin Sans|700|||||||&#8220; button_icon=&#8220;&#x24;||divi||400&#8243; button_custom_margin=&#8220;20px||||false|false&#8220; custom_margin=&#8220;30px||30px||true&#8220; custom_margin_last_edited=&#8220;off|desktop&#8220; form_background_color=&#8220;#ffffff&#8220; locked=&#8220;off&#8220; global_colors_info=&#8220;{}&#8220;][et_pb_contact_field field_id=&#8220;NOm&#8220; field_title=&#8220;Nom Pr\u00e9nom&#8220; _builder_version=&#8220;4.22.0&#8243; global_colors_info=&#8220;{}&#8220; button_text_size__hover_enabled=&#8220;off&#8220; button_one_text_size__hover_enabled=&#8220;off&#8220; button_two_text_size__hover_enabled=&#8220;off&#8220; button_text_color__hover_enabled=&#8220;off&#8220; button_one_text_color__hover_enabled=&#8220;off&#8220; button_two_text_color__hover_enabled=&#8220;off&#8220; button_border_width__hover_enabled=&#8220;off&#8220; button_one_border_width__hover_enabled=&#8220;off&#8220; button_two_border_width__hover_enabled=&#8220;off&#8220; button_border_color__hover_enabled=&#8220;off&#8220; button_one_border_color__hover_enabled=&#8220;off&#8220; button_two_border_color__hover_enabled=&#8220;off&#8220; button_border_radius__hover_enabled=&#8220;off&#8220; button_one_border_radius__hover_enabled=&#8220;off&#8220; button_two_border_radius__hover_enabled=&#8220;off&#8220; button_letter_spacing__hover_enabled=&#8220;off&#8220; button_one_letter_spacing__hover_enabled=&#8220;off&#8220; button_two_letter_spacing__hover_enabled=&#8220;off&#8220; button_bg_color__hover_enabled=&#8220;off&#8220; button_one_bg_color__hover_enabled=&#8220;off&#8220; button_two_bg_color__hover_enabled=&#8220;off&#8220;][\/et_pb_contact_field][et_pb_contact_field field_id=&#8220;Email&#8220; field_title=&#8220;Email&#8220; field_type=&#8220;email&#8220; _builder_version=&#8220;4.22.0&#8243; global_colors_info=&#8220;{}&#8220; button_text_size__hover_enabled=&#8220;off&#8220; button_one_text_size__hover_enabled=&#8220;off&#8220; button_two_text_size__hover_enabled=&#8220;off&#8220; button_text_color__hover_enabled=&#8220;off&#8220; button_one_text_color__hover_enabled=&#8220;off&#8220; button_two_text_color__hover_enabled=&#8220;off&#8220; button_border_width__hover_enabled=&#8220;off&#8220; button_one_border_width__hover_enabled=&#8220;off&#8220; button_two_border_width__hover_enabled=&#8220;off&#8220; button_border_color__hover_enabled=&#8220;off&#8220; button_one_border_color__hover_enabled=&#8220;off&#8220; button_two_border_color__hover_enabled=&#8220;off&#8220; button_border_radius__hover_enabled=&#8220;off&#8220; button_one_border_radius__hover_enabled=&#8220;off&#8220; button_two_border_radius__hover_enabled=&#8220;off&#8220; button_letter_spacing__hover_enabled=&#8220;off&#8220; button_one_letter_spacing__hover_enabled=&#8220;off&#8220; button_two_letter_spacing__hover_enabled=&#8220;off&#8220; button_bg_color__hover_enabled=&#8220;off&#8220; button_one_bg_color__hover_enabled=&#8220;off&#8220; button_two_bg_color__hover_enabled=&#8220;off&#8220;][\/et_pb_contact_field][et_pb_contact_field field_id=&#8220;Message&#8220; field_title=&#8220;Description de votre projet&#8220; field_type=&#8220;text&#8220; fullwidth_field=&#8220;on&#8220; _builder_version=&#8220;4.22.0&#8243; global_colors_info=&#8220;{}&#8220; button_text_size__hover_enabled=&#8220;off&#8220; button_one_text_size__hover_enabled=&#8220;off&#8220; button_two_text_size__hover_enabled=&#8220;off&#8220; button_text_color__hover_enabled=&#8220;off&#8220; button_one_text_color__hover_enabled=&#8220;off&#8220; button_two_text_color__hover_enabled=&#8220;off&#8220; button_border_width__hover_enabled=&#8220;off&#8220; button_one_border_width__hover_enabled=&#8220;off&#8220; button_two_border_width__hover_enabled=&#8220;off&#8220; button_border_color__hover_enabled=&#8220;off&#8220; button_one_border_color__hover_enabled=&#8220;off&#8220; button_two_border_color__hover_enabled=&#8220;off&#8220; button_border_radius__hover_enabled=&#8220;off&#8220; button_one_border_radius__hover_enabled=&#8220;off&#8220; button_two_border_radius__hover_enabled=&#8220;off&#8220; button_letter_spacing__hover_enabled=&#8220;off&#8220; button_one_letter_spacing__hover_enabled=&#8220;off&#8220; button_two_letter_spacing__hover_enabled=&#8220;off&#8220; button_bg_color__hover_enabled=&#8220;off&#8220; button_one_bg_color__hover_enabled=&#8220;off&#8220; button_two_bg_color__hover_enabled=&#8220;off&#8220;][\/et_pb_contact_field][\/et_pb_contact_form][\/et_pb_column][et_pb_column type=&#8220;1_2&#8243; specialty_columns=&#8220;2&#8243; _builder_version=&#8220;4.16&#8243; custom_padding=&#8220;|||&#8220; global_colors_info=&#8220;{}&#8220; custom_padding__hover=&#8220;|||&#8220;][et_pb_row_inner _builder_version=&#8220;4.16&#8243; background_color=&#8220;#2a2a2a&#8220; custom_margin=&#8220;|||&#8220; custom_padding=&#8220;0px||0px||true&#8220; animation_style=&#8220;slide&#8220; animation_direction=&#8220;top&#8220; animation_intensity_slide=&#8220;10%&#8220; global_colors_info=&#8220;{}&#8220;][et_pb_column_inner saved_specialty_column_type=&#8220;1_2&#8243; _builder_version=&#8220;4.16&#8243; custom_padding=&#8220;|||&#8220; global_colors_info=&#8220;{}&#8220; custom_padding__hover=&#8220;|||&#8220;][\/et_pb_column_inner][\/et_pb_row_inner][et_pb_row_inner custom_padding_last_edited=&#8220;on|desktop&#8220; _builder_version=&#8220;4.16&#8243; custom_padding=&#8220;80px|6vw|80px|6vw|true|true&#8220; custom_padding_tablet=&#8220;|3vw||3vw||true&#8220; custom_padding_phone=&#8220;&#8220; global_colors_info=&#8220;{}&#8220;][et_pb_column_inner saved_specialty_column_type=&#8220;1_2&#8243; _builder_version=&#8220;4.16&#8243; custom_padding=&#8220;|||&#8220; global_colors_info=&#8220;{}&#8220; custom_padding__hover=&#8220;|||&#8220;][et_pb_blurb title=&#8220;Chemin des Bluets 8 1009 Pully&#8220; use_icon=&#8220;on&#8220; font_icon=&#8220;&#xe081;||divi||400&#8243; icon_color=&#8220;#666666&#8243; icon_placement=&#8220;left&#8220; image_icon_width=&#8220;18px&#8220; content_max_width=&#8220;1100px&#8220; _builder_version=&#8220;4.17.6&#8243; header_font=&#8220;Rubik||||||||&#8220; header_font_size=&#8220;16px&#8220; header_line_height=&#8220;1.2em&#8220; body_font=&#8220;||||||||&#8220; module_alignment=&#8220;center&#8220; custom_margin=&#8220;||20px|&#8220; animation=&#8220;off&#8220; icon_font_size=&#8220;18px&#8220; locked=&#8220;off&#8220; global_colors_info=&#8220;{}&#8220;][\/et_pb_blurb][et_pb_blurb title=&#8220;+41 21 539.15.50&#8243; use_icon=&#8220;on&#8220; font_icon=&#8220;&#xe090;||divi||400&#8243; icon_color=&#8220;#666666&#8243; icon_placement=&#8220;left&#8220; image_icon_width=&#8220;18px&#8220; content_max_width=&#8220;1100px&#8220; _builder_version=&#8220;4.16&#8243; header_font=&#8220;Rubik||||||||&#8220; header_font_size=&#8220;16px&#8220; header_line_height=&#8220;1.2em&#8220; body_font=&#8220;||||||||&#8220; module_alignment=&#8220;center&#8220; custom_margin=&#8220;||20px|&#8220; custom_padding=&#8220;0px|||||&#8220; animation=&#8220;off&#8220; icon_font_size=&#8220;18px&#8220; locked=&#8220;off&#8220; global_colors_info=&#8220;{}&#8220;][\/et_pb_blurb][et_pb_blurb icon_placement=&#8220;left&#8220; content_max_width=&#8220;1100px&#8220; _builder_version=&#8220;4.16&#8243; header_font=&#8220;Rubik||||||||&#8220; header_font_size=&#8220;16px&#8220; header_line_height=&#8220;1.2em&#8220; body_font=&#8220;||||||||&#8220; module_alignment=&#8220;center&#8220; custom_margin=&#8220;||20px|&#8220; animation=&#8220;off&#8220; locked=&#8220;off&#8220; global_colors_info=&#8220;{}&#8220;][\/et_pb_blurb][et_pb_blurb title=&#8220;contact@brumisty.com&#8220; use_icon=&#8220;on&#8220; font_icon=&#8220;&#xe076;||divi||400&#8243; icon_color=&#8220;#666666&#8243; icon_placement=&#8220;left&#8220; image_icon_width=&#8220;18px&#8220; content_max_width=&#8220;1100px&#8220; _builder_version=&#8220;4.22.0&#8243; header_font=&#8220;Rubik||||||||&#8220; header_font_size=&#8220;16px&#8220; header_line_height=&#8220;1.2em&#8220; body_font=&#8220;||||||||&#8220; module_alignment=&#8220;center&#8220; custom_margin=&#8220;||20px|&#8220; animation=&#8220;off&#8220; icon_font_size=&#8220;18px&#8220; locked=&#8220;off&#8220; global_colors_info=&#8220;{}&#8220;]<\/p>\n<p>Toute reproduction m\u00eame partielle interdite<\/p>\n<p>[\/et_pb_blurb][\/et_pb_column_inner][\/et_pb_row_inner][\/et_pb_column][\/et_pb_section]<\/p>\n","protected":false},"excerpt":{"rendered":"<p>Lassen Sie uns in einer Win-Win-Beziehung zusammenwachsen :Aufgrund der zahlreichen Anfragen unserer Kunden in den verschiedensten Bereichen sucht BRUMISTY by Climext nach Installationspartnern in der ganzen Schweiz, wie z.B. : &#8211; L\u00fcftungsunternehmen, Heizungs- und\/oder Klimamonteur Das bedeutet, dass Sie sich einen Wettbewerbsvorteil verschaffen k\u00f6nnen, indem Sie ein zuverl\u00e4ssiges, umweltfreundliches und kosteng\u00fcnstiges Produkt anbieten. &nbsp;Ihre VorteileWie [&hellip;]<\/p>\n","protected":false},"author":1,"featured_media":0,"parent":0,"menu_order":0,"comment_status":"closed","ping_status":"closed","template":"","meta":{"_et_pb_use_builder":"on","_et_pb_old_content":"","_et_gb_content_width":"","footnotes":""},"class_list":["post-30459","page","type-page","status-publish","hentry"],"_links":{"self":[{"href":"https:\/\/www.brumisty.com\/de\/wp-json\/wp\/v2\/pages\/30459","targetHints":{"allow":["GET"]}}],"collection":[{"href":"https:\/\/www.brumisty.com\/de\/wp-json\/wp\/v2\/pages"}],"about":[{"href":"https:\/\/www.brumisty.com\/de\/wp-json\/wp\/v2\/types\/page"}],"author":[{"embeddable":true,"href":"https:\/\/www.brumisty.com\/de\/wp-json\/wp\/v2\/users\/1"}],"replies":[{"embeddable":true,"href":"https:\/\/www.brumisty.com\/de\/wp-json\/wp\/v2\/comments?post=30459"}],"version-history":[{"count":0,"href":"https:\/\/www.brumisty.com\/de\/wp-json\/wp\/v2\/pages\/30459\/revisions"}],"wp:attachment":[{"href":"https:\/\/www.brumisty.com\/de\/wp-json\/wp\/v2\/media?parent=30459"}],"curies":[{"name":"wp","href":"https:\/\/api.w.org\/{rel}","templated":true}]}}