{"id":30408,"date":"2023-07-01T19:43:12","date_gmt":"2023-07-01T17:43:12","guid":{"rendered":"https:\/\/www.brumisty.com\/zoo-de-zurich-grands-singes\/"},"modified":"2023-09-12T14:33:57","modified_gmt":"2023-09-12T12:33:57","slug":"zoo-de-zurich-grands-singes","status":"publish","type":"page","link":"https:\/\/www.brumisty.com\/de\/zoo-de-zurich-grands-singes\/","title":{"rendered":"Zoo de Z\u00fcrich &#8211; Gorillas und Orang-Utans"},"content":{"rendered":"<p>[et_pb_section fb_built=&#8220;1&#8243; admin_label=&#8220;Hero&#8220; _builder_version=&#8220;4.17.6&#8243; background_enable_color=&#8220;off&#8220; background_image=&#8220;https:\/\/www.brumisty.com\/wp-content\/uploads\/2023\/07\/ba267b69-750e-49c5-9f31-30e2e3394d33.jpg&#8220; custom_margin=&#8220;||||false&#8220; custom_padding=&#8220;10vw||11vw||false|false&#8220; link_option_url=&#8220;https:\/\/www.brumisty.com\/wp-content\/uploads\/2022\/04\/Photo-camions-flotte-Petracca.jpg&#8220; background_last_edited=&#8220;off|desktop&#8220; global_colors_info=&#8220;{}&#8220;][et_pb_row column_structure=&#8220;2_3,1_3&#8243; _builder_version=&#8220;4.16&#8243; global_colors_info=&#8220;{}&#8220;][et_pb_column type=&#8220;2_3&#8243; _builder_version=&#8220;4.16&#8243; custom_padding=&#8220;|||&#8220; global_colors_info=&#8220;{}&#8220; custom_padding__hover=&#8220;|||&#8220;][et_pb_text _builder_version=&#8220;4.16&#8243; text_font=&#8220;||||||||&#8220; header_font=&#8220;Rubik|700|||||||&#8220; header_font_size=&#8220;64px&#8220; header_line_height=&#8220;1.1em&#8220; background_layout=&#8220;dark&#8220; max_width=&#8220;800px&#8220; custom_margin=&#8220;||0px|&#8220; custom_padding=&#8220;|||16px&#8220; text_font_size_tablet=&#8220;14px&#8220; text_font_size_last_edited=&#8220;off|desktop&#8220; header_font_size_tablet=&#8220;44px&#8220; header_font_size_phone=&#8220;32px&#8220; header_font_size_last_edited=&#8220;on|phone&#8220; border_color_all=&#8220;#00ccff&#8220; border_width_left=&#8220;10px&#8220; global_colors_info=&#8220;{}&#8220;]<\/p>\n<h1>Zoo Zurich &#8211; <span style=\"color: #000000;\">Z\u00fcrich<\/span><\/h1>\n<p>[\/et_pb_text][et_pb_text _builder_version=&#8220;4.16&#8243; text_font=&#8220;||||||||&#8220; text_font_size=&#8220;22px&#8220; text_line_height=&#8220;1.6em&#8220; header_font=&#8220;||||||||&#8220; background_layout=&#8220;dark&#8220; max_width=&#8220;800px&#8220; custom_margin=&#8220;|||&#8220; custom_padding=&#8220;20px||20px||true&#8220; text_font_size_tablet=&#8220;18px&#8220; text_font_size_phone=&#8220;&#8220; text_font_size_last_edited=&#8220;on|phone&#8220; global_colors_info=&#8220;{}&#8220;]<\/p>\n<p><strong>Connu comme l<\/strong><strong>\u2019un des<\/strong><strong> plus grand<\/strong><strong> et beau<\/strong><strong> Zoo de Suisse, le Zoo de Zurich a fait confiance \u00e0 Brumisty by Climext pour <\/strong><strong>une installation<\/strong><strong> de Brumisation HP destin\u00e9e aux grands singes <\/strong><strong>(Gorille<\/strong><strong>s et Orang-Outan)<\/strong><\/p>\n<p>[\/et_pb_text][\/et_pb_column][et_pb_column type=&#8220;1_3&#8243; _builder_version=&#8220;4.16&#8243; custom_padding=&#8220;|||&#8220; global_colors_info=&#8220;{}&#8220; custom_padding__hover=&#8220;|||&#8220;][et_pb_text ul_type=&#8220;none&#8220; ul_item_indent=&#8220;3px&#8220; _builder_version=&#8220;4.16&#8243; text_font=&#8220;||||||||&#8220; text_line_height=&#8220;1.8em&#8220; ul_font=&#8220;Arimo||||||||&#8220; ul_font_size=&#8220;16px&#8220; ul_line_height=&#8220;2em&#8220; background_layout=&#8220;dark&#8220; custom_margin=&#8220;|||&#8220; custom_margin_last_edited=&#8220;off|desktop&#8220; locked=&#8220;off&#8220; global_colors_info=&#8220;{}&#8220;]<\/p>\n<ul>\n<li><strong>Datum:<\/strong> Juni 2023<\/li>\n<li><strong>Kunde:<\/strong> Zoo Z\u00fcrich &#8211; Der gr\u00f6\u00dfte Zoo der Schweiz und einer der sch\u00f6nsten in Europa<\/li>\n<li><strong>Typ:<\/strong> Tierschutz durch Erh\u00f6hung der Luftfeuchtigkeit<\/li>\n<\/ul>\n<p>[\/et_pb_text][\/et_pb_column][\/et_pb_row][\/et_pb_section][et_pb_section fb_built=&#8220;1&#8243; admin_label=&#8220;Project Details&#8220; _builder_version=&#8220;4.16&#8243; custom_padding=&#8220;90px||90px||true&#8220; global_colors_info=&#8220;{}&#8220;][et_pb_row column_structure=&#8220;1_2,1_2&#8243; _builder_version=&#8220;4.16&#8243; global_colors_info=&#8220;{}&#8220;][et_pb_column type=&#8220;1_2&#8243; _builder_version=&#8220;4.16&#8243; custom_padding=&#8220;|||&#8220; global_colors_info=&#8220;{}&#8220; custom_padding__hover=&#8220;|||&#8220;][et_pb_text _builder_version=&#8220;4.16&#8243; text_font=&#8220;||||||||&#8220; link_font=&#8220;||||||||&#8220; ul_font=&#8220;||||||||&#8220; ol_font=&#8220;||||||||&#8220; quote_font=&#8220;||||||||&#8220; header_font=&#8220;||||||||&#8220; header_2_font=&#8220;Rubik|700|||||||&#8220; header_2_font_size=&#8220;42px&#8220; header_2_line_height=&#8220;1.2em&#8220; module_alignment=&#8220;center&#8220; custom_margin=&#8220;|||&#8220; custom_padding=&#8220;|||&#8220; header_2_font_size_tablet=&#8220;&#8220; header_2_font_size_phone=&#8220;36px&#8220; header_2_font_size_last_edited=&#8220;on|phone&#8220; locked=&#8220;off&#8220; global_colors_info=&#8220;{}&#8220;]<\/p>\n<h2><b>Erkl\u00e4rung der eingesetzten L\u00f6sung:<\/b><\/h2>\n<p>[\/et_pb_text][et_pb_divider divider_position=&#8220;center&#8220; divider_weight=&#8220;5px&#8220; _builder_version=&#8220;4.16&#8243; max_width=&#8220;50px&#8220; locked=&#8220;off&#8220; global_colors_info=&#8220;{}&#8220;][\/et_pb_divider][et_pb_text _builder_version=&#8220;4.16&#8243; text_font=&#8220;||||||||&#8220; text_font_size=&#8220;15px&#8220; text_line_height=&#8220;1.8em&#8220; custom_padding=&#8220;|||&#8220; custom_padding_tablet=&#8220;|40px||40px||true&#8220; custom_padding_last_edited=&#8220;off|desktop&#8220; locked=&#8220;off&#8220; global_colors_info=&#8220;{}&#8220;]<\/p>\n<p>Des supports sur mesure ont \u00e9t\u00e9 fabriqu\u00e9s pour maintenir la ligne de Brumisation au-dessus de l&#8217;installation int\u00e9rieure de l\u2019enclos des grands singes.<\/p>\n<p>La distance de brumisation, l&#8217;espacement entre les diff\u00e9rentes buses et le d\u00e9bit des buses ont \u00e9t\u00e9 calcul\u00e9s par notre bureau d&#8217;\u00e9tudes afin de cr\u00e9er une brume parfaite qui ne mouille ni l&#8217;infrastructure ni les animaux.<\/p>\n<p>Notre centrale de commande hydrostatique permet de d\u00e9finir un taux d&#8217;humidit\u00e9 optimal pour les orangs-outans et les gorilles. Celle-ci pilotera automatiquement l&#8217;installation de mani\u00e8re que la valeur limite fix\u00e9e soit atteinte et non d\u00e9pass\u00e9e.<\/p>\n<p>Vous avez maintenant une raison de plus de revenir dans ce magnifique zoo de Zurich et d&#8217;aller voir ces grands singes toujours passionnants \u00e0 observer.<\/p>\n<p>&nbsp;<\/p>\n<p>&nbsp;<\/p>\n<p>[\/et_pb_text][\/et_pb_column][et_pb_column type=&#8220;1_2&#8243; _builder_version=&#8220;4.16&#8243; custom_padding=&#8220;|||&#8220; global_colors_info=&#8220;{}&#8220; custom_padding__hover=&#8220;|||&#8220;][et_pb_image src=&#8220;https:\/\/www.brumisty.com\/wp-content\/uploads\/2023\/07\/IMG_8226-rotated.jpg&#8220; title_text=&#8220;IMG_8226&#8243; url=&#8220;https:\/\/www.brumisty.com\/wp-content\/uploads\/2022\/04\/Photo-camions-flotte-Petracca.jpg&#8220; force_fullwidth=&#8220;on&#8220; align_tablet=&#8220;center&#8220; align_phone=&#8220;&#8220; align_last_edited=&#8220;on|desktop&#8220; _builder_version=&#8220;4.17.6&#8243; background_image=&#8220;https:\/\/www.brumisty.com\/wp-content\/uploads\/2022\/04\/Brumisation-Petracca_1.jpg&#8220; locked=&#8220;off&#8220; global_colors_info=&#8220;{}&#8220;][\/et_pb_image][\/et_pb_column][\/et_pb_row][et_pb_row column_structure=&#8220;1_2,1_2&#8243; _builder_version=&#8220;4.16&#8243; _module_preset=&#8220;default&#8220; background_image=&#8220;https:\/\/www.brumisty.com\/wp-content\/uploads\/2022\/04\/Video-Petracca.mov&#8220; global_colors_info=&#8220;{}&#8220;][et_pb_column type=&#8220;1_2&#8243; _builder_version=&#8220;4.16&#8243; _module_preset=&#8220;default&#8220; global_colors_info=&#8220;{}&#8220;][et_pb_video src=&#8220;https:\/\/www.brumisty.com\/wp-content\/uploads\/2023\/07\/IMG_8256.mov&#8220; _builder_version=&#8220;4.17.6&#8243; _module_preset=&#8220;default&#8220; global_colors_info=&#8220;{}&#8220;][\/et_pb_video][\/et_pb_column][et_pb_column type=&#8220;1_2&#8243; _builder_version=&#8220;4.16&#8243; _module_preset=&#8220;default&#8220; global_colors_info=&#8220;{}&#8220;][et_pb_image src=&#8220;https:\/\/www.brumisty.com\/wp-content\/uploads\/2023\/07\/IMG_8236-rotated.jpg&#8220; title_text=&#8220;IMG_8236&#8243; _builder_version=&#8220;4.17.6&#8243; _module_preset=&#8220;default&#8220; global_colors_info=&#8220;{}&#8220;][\/et_pb_image][et_pb_text _builder_version=&#8220;4.22.0&#8243; _module_preset=&#8220;default&#8220; hover_enabled=&#8220;0&#8243; global_colors_info=&#8220;{}&#8220; sticky_enabled=&#8220;0&#8243;]<\/p>\n<p>La brumisation est r\u00e9partie uniform\u00e9ment sur toute la longueur de l\u2019enclos des grands singes et permet de maintenir un taux d&#8217;humidit\u00e9 optimal pour les singes &#8211; pour leur bien-\u00eatre.<\/p>\n<p>[\/et_pb_text][\/et_pb_column][\/et_pb_row][et_pb_row column_structure=&#8220;1_2,1_2&#8243; _builder_version=&#8220;4.16&#8243; global_colors_info=&#8220;{}&#8220;][et_pb_column type=&#8220;1_2&#8243; _builder_version=&#8220;4.16&#8243; custom_padding=&#8220;|||&#8220; global_colors_info=&#8220;{}&#8220; custom_padding__hover=&#8220;|||&#8220;][\/et_pb_column][et_pb_column type=&#8220;1_2&#8243; _builder_version=&#8220;4.16&#8243; custom_padding=&#8220;|||&#8220; global_colors_info=&#8220;{}&#8220; custom_padding__hover=&#8220;|||&#8220;][et_pb_text _builder_version=&#8220;4.16&#8243; text_font=&#8220;||||||||&#8220; text_font_size=&#8220;15px&#8220; text_line_height=&#8220;1.8em&#8220; custom_padding=&#8220;|||&#8220; custom_padding_tablet=&#8220;|40px||40px||true&#8220; custom_padding_last_edited=&#8220;off|desktop&#8220; locked=&#8220;off&#8220; global_colors_info=&#8220;{}&#8220;][\/et_pb_text][\/et_pb_column][\/et_pb_row][\/et_pb_section][et_pb_section fb_built=&#8220;1&#8243; use_custom_gutter=&#8220;on&#8220; gutter_width=&#8220;1&#8243; specialty=&#8220;on&#8220; background_color_1=&#8220;#00ccff&#8220; padding_top_1=&#8220;80px&#8220; padding_right_1=&#8220;6vw&#8220; padding_bottom_1=&#8220;80px&#8220; padding_left_1=&#8220;6vw&#8220; padding_top_bottom_link_1=&#8220;true&#8220; padding_left_right_link_1=&#8220;true&#8220; padding_1_tablet=&#8220;|10%||10%||true&#8220; padding_1_phone=&#8220;&#8220; padding_1_last_edited=&#8220;on|phone&#8220; admin_label=&#8220;Footer Section&#8220; module_id=&#8220;Kontakt&#8220; module_class=&#8220; et_pb_specialty_fullwidth&#8220; _builder_version=&#8220;4.9.7&#8243; inner_width=&#8220;100%&#8220; inner_width_tablet=&#8220;100%&#8220; inner_width_phone=&#8220;&#8220; inner_width_last_edited=&#8220;on|desktop&#8220; inner_max_width=&#8220;100%&#8220; inner_max_width_tablet=&#8220;100%&#8220; inner_max_width_phone=&#8220;&#8220; inner_max_width_last_edited=&#8220;on|desktop&#8220; custom_padding=&#8220;0px||0px||true&#8220; make_fullwidth=&#8220;on&#8220; global_module=&#8220;28910&#8243; saved_tabs=&#8220;all&#8220; collapsed=&#8220;on&#8220; global_colors_info=&#8220;{}&#8220;][et_pb_column type=&#8220;1_2&#8243; _builder_version=&#8220;4.16&#8243; background_color=&#8220;#ffb400&#8243; custom_padding=&#8220;|||&#8220; global_colors_info=&#8220;{}&#8220; padding_tablet=&#8220;|10%||10%||true&#8220; padding_last_edited=&#8220;on|phone&#8220; custom_padding__hover=&#8220;|||&#8220; padding_phone=&#8220;|10%||10%||true&#8220;][et_pb_text _builder_version=&#8220;4.16&#8243; text_font=&#8220;||||||||&#8220; header_font=&#8220;||||||||&#8220; header_2_font=&#8220;Josefin Sans|700|||||||&#8220; header_2_text_color=&#8220;#FFFFFF&#8220; header_2_font_size=&#8220;42px&#8220; header_2_line_height=&#8220;1.2em&#8220; custom_margin=&#8220;|||&#8220; custom_padding=&#8220;|||&#8220; header_2_font_size_tablet=&#8220;&#8220; header_2_font_size_phone=&#8220;36px&#8220; header_2_font_size_last_edited=&#8220;on|phone&#8220; locked=&#8220;off&#8220; global_colors_info=&#8220;{}&#8220;]<\/p>\n<h2>Kontaktieren Sie uns<\/h2>\n<p>[\/et_pb_text][et_pb_divider color=&#8220;#FFFFFF&#8220; divider_position=&#8220;center&#8220; divider_weight=&#8220;5px&#8220; _builder_version=&#8220;4.16&#8243; max_width=&#8220;50px&#8220; locked=&#8220;off&#8220; global_colors_info=&#8220;{}&#8220;][\/et_pb_divider][et_pb_contact_form captcha=&#8220;off&#8220; email=&#8220;contact@brumisty.com&#8220; success_message=&#8220;Ihre Nachricht wurde erfolgreich gesendet&#8220; submit_button_text=&#8220;Senden Sie Ihre Anfrage f\u00fcr ein Angebot&#8220; module_id=&#8220;et_pb_contact_form_0&#8243; _builder_version=&#8220;4.16&#8243; _unique_id=&#8220;4da8d666-212d-46c8-bc09-48d35159bd1a&#8220; form_field_background_color=&#8220;#ffffff&#8220; title_font=&#8220;||||||||&#8220; form_field_font=&#8220;||||||||&#8220; form_field_font_size=&#8220;14px&#8220; form_field_line_height=&#8220;1.8em&#8220; custom_button=&#8220;on&#8220; button_text_size=&#8220;16px&#8220; button_text_color=&#8220;#ffffff&#8220; button_border_width=&#8220;4px&#8220; button_border_radius=&#8220;0px&#8220; button_letter_spacing=&#8220;0px&#8220; button_font=&#8220;Josefin Sans|700|||||||&#8220; button_icon=&#8220;&#x24;||divi||400&#8243; button_custom_margin=&#8220;20px||||false|false&#8220; custom_margin=&#8220;30px||30px||true&#8220; custom_margin_last_edited=&#8220;off|desktop&#8220; form_background_color=&#8220;#ffffff&#8220; locked=&#8220;off&#8220; global_colors_info=&#8220;{}&#8220;][et_pb_contact_field field_id=&#8220;Name&#8220; field_title=&#8220;Name&#8220; _builder_version=&#8220;4.16&#8243; global_colors_info=&#8220;{}&#8220; button_text_size__hover_enabled=&#8220;off&#8220; button_one_text_size__hover_enabled=&#8220;off&#8220; button_two_text_size__hover_enabled=&#8220;off&#8220; button_text_color__hover_enabled=&#8220;off&#8220; button_one_text_color__hover_enabled=&#8220;off&#8220; button_two_text_color__hover_enabled=&#8220;off&#8220; button_border_width__hover_enabled=&#8220;off&#8220; button_one_border_width__hover_enabled=&#8220;off&#8220; button_two_border_width__hover_enabled=&#8220;off&#8220; button_border_color__hover_enabled=&#8220;off&#8220; button_one_border_color__hover_enabled=&#8220;off&#8220; button_two_border_color__hover_enabled=&#8220;off&#8220; button_border_radius__hover_enabled=&#8220;off&#8220; button_one_border_radius__hover_enabled=&#8220;off&#8220; button_two_border_radius__hover_enabled=&#8220;off&#8220; button_letter_spacing__hover_enabled=&#8220;off&#8220; button_one_letter_spacing__hover_enabled=&#8220;off&#8220; button_two_letter_spacing__hover_enabled=&#8220;off&#8220; button_bg_color__hover_enabled=&#8220;off&#8220; button_one_bg_color__hover_enabled=&#8220;off&#8220; button_two_bg_color__hover_enabled=&#8220;off&#8220;][\/et_pb_contact_field][et_pb_contact_field field_id=&#8220;Email&#8220; field_title=&#8220;E-Mail Adresse&#8220; field_type=&#8220;email&#8220; _builder_version=&#8220;4.16&#8243; global_colors_info=&#8220;{}&#8220; button_text_size__hover_enabled=&#8220;off&#8220; button_one_text_size__hover_enabled=&#8220;off&#8220; button_two_text_size__hover_enabled=&#8220;off&#8220; button_text_color__hover_enabled=&#8220;off&#8220; button_one_text_color__hover_enabled=&#8220;off&#8220; button_two_text_color__hover_enabled=&#8220;off&#8220; button_border_width__hover_enabled=&#8220;off&#8220; button_one_border_width__hover_enabled=&#8220;off&#8220; button_two_border_width__hover_enabled=&#8220;off&#8220; button_border_color__hover_enabled=&#8220;off&#8220; button_one_border_color__hover_enabled=&#8220;off&#8220; button_two_border_color__hover_enabled=&#8220;off&#8220; button_border_radius__hover_enabled=&#8220;off&#8220; button_one_border_radius__hover_enabled=&#8220;off&#8220; button_two_border_radius__hover_enabled=&#8220;off&#8220; button_letter_spacing__hover_enabled=&#8220;off&#8220; button_one_letter_spacing__hover_enabled=&#8220;off&#8220; button_two_letter_spacing__hover_enabled=&#8220;off&#8220; button_bg_color__hover_enabled=&#8220;off&#8220; button_one_bg_color__hover_enabled=&#8220;off&#8220; button_two_bg_color__hover_enabled=&#8220;off&#8220;][\/et_pb_contact_field][et_pb_contact_field field_id=&#8220;Message&#8220; field_title=&#8220;Beschreiben Sie Ihr Projekt&#8220; field_type=&#8220;text&#8220; fullwidth_field=&#8220;on&#8220; _builder_version=&#8220;4.16&#8243; global_colors_info=&#8220;{}&#8220; button_text_size__hover_enabled=&#8220;off&#8220; button_one_text_size__hover_enabled=&#8220;off&#8220; button_two_text_size__hover_enabled=&#8220;off&#8220; button_text_color__hover_enabled=&#8220;off&#8220; button_one_text_color__hover_enabled=&#8220;off&#8220; button_two_text_color__hover_enabled=&#8220;off&#8220; button_border_width__hover_enabled=&#8220;off&#8220; button_one_border_width__hover_enabled=&#8220;off&#8220; button_two_border_width__hover_enabled=&#8220;off&#8220; button_border_color__hover_enabled=&#8220;off&#8220; button_one_border_color__hover_enabled=&#8220;off&#8220; button_two_border_color__hover_enabled=&#8220;off&#8220; button_border_radius__hover_enabled=&#8220;off&#8220; button_one_border_radius__hover_enabled=&#8220;off&#8220; button_two_border_radius__hover_enabled=&#8220;off&#8220; button_letter_spacing__hover_enabled=&#8220;off&#8220; button_one_letter_spacing__hover_enabled=&#8220;off&#8220; button_two_letter_spacing__hover_enabled=&#8220;off&#8220; button_bg_color__hover_enabled=&#8220;off&#8220; button_one_bg_color__hover_enabled=&#8220;off&#8220; button_two_bg_color__hover_enabled=&#8220;off&#8220;][\/et_pb_contact_field][\/et_pb_contact_form][\/et_pb_column][et_pb_column type=&#8220;1_2&#8243; specialty_columns=&#8220;2&#8243; _builder_version=&#8220;4.16&#8243; custom_padding=&#8220;|||&#8220; global_colors_info=&#8220;{}&#8220; custom_padding__hover=&#8220;|||&#8220;][et_pb_row_inner _builder_version=&#8220;4.16&#8243; background_color=&#8220;#2a2a2a&#8220; custom_margin=&#8220;|||&#8220; custom_padding=&#8220;0px||0px||true&#8220; animation_style=&#8220;slide&#8220; animation_direction=&#8220;top&#8220; animation_intensity_slide=&#8220;10%&#8220; global_colors_info=&#8220;{}&#8220;][et_pb_column_inner saved_specialty_column_type=&#8220;1_2&#8243; _builder_version=&#8220;4.16&#8243; custom_padding=&#8220;|||&#8220; global_colors_info=&#8220;{}&#8220; custom_padding__hover=&#8220;|||&#8220;][\/et_pb_column_inner][\/et_pb_row_inner][et_pb_row_inner custom_padding_last_edited=&#8220;on|desktop&#8220; _builder_version=&#8220;4.16&#8243; custom_padding=&#8220;80px|6vw|80px|6vw|true|true&#8220; custom_padding_tablet=&#8220;|3vw||3vw||true&#8220; custom_padding_phone=&#8220;&#8220; global_colors_info=&#8220;{}&#8220;][et_pb_column_inner saved_specialty_column_type=&#8220;1_2&#8243; _builder_version=&#8220;4.16&#8243; custom_padding=&#8220;|||&#8220; global_colors_info=&#8220;{}&#8220; custom_padding__hover=&#8220;|||&#8220;][et_pb_blurb title=&#8220;Chemin des Bluets 8 1009 Pully&#8220; use_icon=&#8220;on&#8220; font_icon=&#8220;&#xe081;||divi||400&#8243; icon_color=&#8220;#666666&#8243; icon_placement=&#8220;left&#8220; image_icon_width=&#8220;18px&#8220; content_max_width=&#8220;1100px&#8220; _builder_version=&#8220;4.17.6&#8243; header_font=&#8220;Rubik||||||||&#8220; header_font_size=&#8220;16px&#8220; header_line_height=&#8220;1.2em&#8220; body_font=&#8220;||||||||&#8220; module_alignment=&#8220;center&#8220; custom_margin=&#8220;||20px|&#8220; animation=&#8220;off&#8220; icon_font_size=&#8220;18px&#8220; locked=&#8220;off&#8220; global_colors_info=&#8220;{}&#8220;][\/et_pb_blurb][et_pb_blurb title=&#8220;+41 21 539.15.50&#8243; use_icon=&#8220;on&#8220; font_icon=&#8220;&#xe090;||divi||400&#8243; icon_color=&#8220;#666666&#8243; icon_placement=&#8220;left&#8220; image_icon_width=&#8220;18px&#8220; content_max_width=&#8220;1100px&#8220; _builder_version=&#8220;4.16&#8243; header_font=&#8220;Rubik||||||||&#8220; header_font_size=&#8220;16px&#8220; header_line_height=&#8220;1.2em&#8220; body_font=&#8220;||||||||&#8220; module_alignment=&#8220;center&#8220; custom_margin=&#8220;||20px|&#8220; custom_padding=&#8220;0px|||||&#8220; animation=&#8220;off&#8220; icon_font_size=&#8220;18px&#8220; locked=&#8220;off&#8220; global_colors_info=&#8220;{}&#8220;][\/et_pb_blurb][et_pb_blurb icon_placement=&#8220;left&#8220; content_max_width=&#8220;1100px&#8220; _builder_version=&#8220;4.16&#8243; header_font=&#8220;Rubik||||||||&#8220; header_font_size=&#8220;16px&#8220; header_line_height=&#8220;1.2em&#8220; body_font=&#8220;||||||||&#8220; module_alignment=&#8220;center&#8220; custom_margin=&#8220;||20px|&#8220; animation=&#8220;off&#8220; locked=&#8220;off&#8220; global_colors_info=&#8220;{}&#8220;][\/et_pb_blurb][et_pb_blurb title=&#8220;contact@brumisty.com&#8220; use_icon=&#8220;on&#8220; font_icon=&#8220;&#xe076;||divi||400&#8243; icon_color=&#8220;#666666&#8243; icon_placement=&#8220;left&#8220; image_icon_width=&#8220;18px&#8220; content_max_width=&#8220;1100px&#8220; _builder_version=&#8220;4.16&#8243; header_font=&#8220;Rubik||||||||&#8220; header_font_size=&#8220;16px&#8220; header_line_height=&#8220;1.2em&#8220; body_font=&#8220;||||||||&#8220; module_alignment=&#8220;center&#8220; custom_margin=&#8220;||20px|&#8220; animation=&#8220;off&#8220; icon_font_size=&#8220;18px&#8220; locked=&#8220;off&#8220; global_colors_info=&#8220;{}&#8220;]<\/p>\n<p>Jede auch nur teilweise Vervielf\u00e4ltigung ist untersagt<\/p>\n<p>[\/et_pb_blurb][\/et_pb_column_inner][\/et_pb_row_inner][\/et_pb_column][\/et_pb_section]<\/p>\n","protected":false},"excerpt":{"rendered":"<p>Zoo Zurich &#8211; Z\u00fcrichConnu comme l\u2019un des plus grand et beau Zoo de Suisse, le Zoo de Zurich a fait confiance \u00e0 Brumisty by Climext pour une installation de Brumisation HP destin\u00e9e aux grands singes (Gorilles et Orang-Outan) Datum: Juni 2023 Kunde: Zoo Z\u00fcrich &#8211; Der gr\u00f6\u00dfte Zoo der Schweiz und einer der sch\u00f6nsten in [&hellip;]<\/p>\n","protected":false},"author":2,"featured_media":0,"parent":0,"menu_order":0,"comment_status":"closed","ping_status":"closed","template":"","meta":{"_et_pb_use_builder":"on","_et_pb_old_content":"","_et_gb_content_width":"","footnotes":""},"class_list":["post-30408","page","type-page","status-publish","hentry"],"_links":{"self":[{"href":"https:\/\/www.brumisty.com\/de\/wp-json\/wp\/v2\/pages\/30408","targetHints":{"allow":["GET"]}}],"collection":[{"href":"https:\/\/www.brumisty.com\/de\/wp-json\/wp\/v2\/pages"}],"about":[{"href":"https:\/\/www.brumisty.com\/de\/wp-json\/wp\/v2\/types\/page"}],"author":[{"embeddable":true,"href":"https:\/\/www.brumisty.com\/de\/wp-json\/wp\/v2\/users\/2"}],"replies":[{"embeddable":true,"href":"https:\/\/www.brumisty.com\/de\/wp-json\/wp\/v2\/comments?post=30408"}],"version-history":[{"count":0,"href":"https:\/\/www.brumisty.com\/de\/wp-json\/wp\/v2\/pages\/30408\/revisions"}],"wp:attachment":[{"href":"https:\/\/www.brumisty.com\/de\/wp-json\/wp\/v2\/media?parent=30408"}],"curies":[{"name":"wp","href":"https:\/\/api.w.org\/{rel}","templated":true}]}}